{"id":14,"date":"2021-12-02T11:41:10","date_gmt":"2021-12-02T10:41:10","guid":{"rendered":"http:\/\/www.absophrologie.fr\/?page_id=14"},"modified":"2022-01-06T15:24:58","modified_gmt":"2022-01-06T14:24:58","slug":"prestations","status":"publish","type":"page","link":"https:\/\/www.absophrologie.fr\/index.php\/prestations\/","title":{"rendered":"Prestations"},"content":{"rendered":"<p>[et_pb_section fb_built=\u00a0\u00bb1&Prime; _builder_version=\u00a0\u00bb4.14.2&Prime; _module_preset=\u00a0\u00bbdefault\u00a0\u00bb custom_padding=\u00a0\u00bb||0px|||\u00a0\u00bb global_colors_info=\u00a0\u00bb{}\u00a0\u00bb][et_pb_row column_structure=\u00a0\u00bb1_2,1_2&Prime; use_custom_gutter=\u00a0\u00bbon\u00a0\u00bb gutter_width=\u00a0\u00bb1&Prime; make_equal=\u00a0\u00bbon\u00a0\u00bb admin_label=\u00a0\u00bbCase Study Row\u00a0\u00bb _builder_version=\u00a0\u00bb4.14.2&Prime; module_alignment=\u00a0\u00bbcenter\u00a0\u00bb min_height=\u00a0\u00bb373px\u00a0\u00bb custom_margin=\u00a0\u00bb-54px|433px|0px|auto|false|false\u00a0\u00bb custom_padding=\u00a0\u00bb0px||0px|||\u00a0\u00bb hover_enabled=\u00a0\u00bb0&Prime; global_colors_info=\u00a0\u00bb{}\u00a0\u00bb sticky_enabled=\u00a0\u00bb0&Prime;][et_pb_column type=\u00a0\u00bb1_2&Prime; _builder_version=\u00a0\u00bb4.14.2&Prime; custom_padding=\u00a0\u00bb|||\u00a0\u00bb global_colors_info=\u00a0\u00bb{}\u00a0\u00bb custom_padding__hover=\u00a0\u00bb|||\u00a0\u00bb][et_pb_image src=\u00a0\u00bbhttps:\/\/www.absophrologie.fr\/wp-content\/uploads\/istockphoto-486326603-612&#215;612-1.jpg\u00a0\u00bb title_text=\u00a0\u00bbabsophrologie-Papillon orange rond\u00a0\u00bb align=\u00a0\u00bbcenter\u00a0\u00bb align_tablet=\u00a0\u00bbcenter\u00a0\u00bb align_phone=\u00a0\u00bbcenter\u00a0\u00bb align_last_edited=\u00a0\u00bbon|desktop\u00a0\u00bb _builder_version=\u00a0\u00bb4.14.4&Prime; background_color=\u00a0\u00bb#FFFFFF\u00a0\u00bb module_alignment=\u00a0\u00bbcenter\u00a0\u00bb min_height=\u00a0\u00bb420px\u00a0\u00bb custom_margin=\u00a0\u00bb-2px|||||\u00a0\u00bb custom_padding=\u00a0\u00bb||2px|||\u00a0\u00bb hover_enabled=\u00a0\u00bb0&Prime; global_colors_info=\u00a0\u00bb{}\u00a0\u00bb alt=\u00a0\u00bbabsophrologie-hautsdefrance-sophrologue-Papillon orange rond\u00a0\u00bb sticky_enabled=\u00a0\u00bb0&Prime;][\/et_pb_image][et_pb_image src=\u00a0\u00bbhttps:\/\/www.absophrologie.fr\/wp-content\/uploads\/11-Prestation-1-Copie.jpg\u00a0\u00bb title_text=\u00a0\u00bbabsophrologie-Papillon orange\u00a0\u00bb align=\u00a0\u00bbcenter\u00a0\u00bb align_tablet=\u00a0\u00bbcenter\u00a0\u00bb align_phone=\u00a0\u00bbcenter\u00a0\u00bb align_last_edited=\u00a0\u00bbon|desktop\u00a0\u00bb _builder_version=\u00a0\u00bb4.14.4&Prime; background_color=\u00a0\u00bb#FFFFFF\u00a0\u00bb module_alignment=\u00a0\u00bbcenter\u00a0\u00bb min_height=\u00a0\u00bb420px\u00a0\u00bb custom_margin=\u00a0\u00bb-2px|||||\u00a0\u00bb custom_padding=\u00a0\u00bb0px||2px|||\u00a0\u00bb hover_enabled=\u00a0\u00bb0&Prime; global_colors_info=\u00a0\u00bb{}\u00a0\u00bb alt=\u00a0\u00bbabsophrologie-hautsdefrance-sophrologue-Papillon orange\u00a0\u00bb sticky_enabled=\u00a0\u00bb0&Prime;][\/et_pb_image][et_pb_image src=\u00a0\u00bbhttps:\/\/www.absophrologie.fr\/wp-content\/uploads\/istockphoto-529400302-612&#215;612-1.jpg\u00a0\u00bb title_text=\u00a0\u00bbabsophrologie-Papillon orange route\u00a0\u00bb align=\u00a0\u00bbcenter\u00a0\u00bb align_tablet=\u00a0\u00bbcenter\u00a0\u00bb align_phone=\u00a0\u00bbcenter\u00a0\u00bb align_last_edited=\u00a0\u00bbon|desktop\u00a0\u00bb _builder_version=\u00a0\u00bb4.14.4&Prime; background_color=\u00a0\u00bb#FFFFFF\u00a0\u00bb module_alignment=\u00a0\u00bbcenter\u00a0\u00bb min_height=\u00a0\u00bb420px\u00a0\u00bb custom_margin=\u00a0\u00bb-2px||-2px|||\u00a0\u00bb custom_padding=\u00a0\u00bb||2px|||\u00a0\u00bb hover_enabled=\u00a0\u00bb0&Prime; global_colors_info=\u00a0\u00bb{}\u00a0\u00bb alt=\u00a0\u00bbabsophrologie-hautsdefrance-sophrologue-Papillon orange route\u00a0\u00bb sticky_enabled=\u00a0\u00bb0&Prime;][\/et_pb_image][\/et_pb_column][et_pb_column type=\u00a0\u00bb1_2&Prime; _builder_version=\u00a0\u00bb3.25&Prime; background_color=\u00a0\u00bb#ffffff\u00a0\u00bb custom_padding=\u00a0\u00bb60px|60px|60px|60px\u00a0\u00bb global_colors_info=\u00a0\u00bb{}\u00a0\u00bb custom_padding__hover=\u00a0\u00bb|||\u00a0\u00bb][et_pb_cta title=\u00a0\u00bbPrestations\u00a0\u00bb _builder_version=\u00a0\u00bb4.14.3&Prime; header_font=\u00a0\u00bbCormorant Upright|700|||||||\u00a0\u00bb header_text_align=\u00a0\u00bbcenter\u00a0\u00bb header_text_color=\u00a0\u00bb#5F2853&Prime; header_font_size=\u00a0\u00bb26px\u00a0\u00bb body_font=\u00a0\u00bbCormorant Upright|500|||||||\u00a0\u00bb body_text_align=\u00a0\u00bbleft\u00a0\u00bb body_text_color=\u00a0\u00bb#5F2853&Prime; body_font_size=\u00a0\u00bb20px\u00a0\u00bb body_line_height=\u00a0\u00bb1em\u00a0\u00bb use_background_color=\u00a0\u00bboff\u00a0\u00bb button_alignment=\u00a0\u00bbcenter\u00a0\u00bb background_layout=\u00a0\u00bblight\u00a0\u00bb width=\u00a0\u00bb100%\u00a0\u00bb min_height=\u00a0\u00bb384px\u00a0\u00bb custom_margin=\u00a0\u00bb-46px|||||\u00a0\u00bb custom_padding=\u00a0\u00bb||32px|||\u00a0\u00bb button_border_radius_hover=\u00a0\u00bb0px\u00a0\u00bb global_colors_info=\u00a0\u00bb{}\u00a0\u00bb button_text_size__hover_enabled=\u00a0\u00bboff\u00a0\u00bb button_one_text_size__hover_enabled=\u00a0\u00bboff\u00a0\u00bb button_two_text_size__hover_enabled=\u00a0\u00bboff\u00a0\u00bb button_text_color__hover_enabled=\u00a0\u00bboff\u00a0\u00bb button_one_text_color__hover_enabled=\u00a0\u00bboff\u00a0\u00bb button_two_text_color__hover_enabled=\u00a0\u00bboff\u00a0\u00bb button_border_width__hover_enabled=\u00a0\u00bboff\u00a0\u00bb button_one_border_width__hover_enabled=\u00a0\u00bboff\u00a0\u00bb button_two_border_width__hover_enabled=\u00a0\u00bboff\u00a0\u00bb button_border_color__hover_enabled=\u00a0\u00bboff\u00a0\u00bb button_one_border_color__hover_enabled=\u00a0\u00bboff\u00a0\u00bb button_two_border_color__hover_enabled=\u00a0\u00bboff\u00a0\u00bb button_border_radius__hover_enabled=\u00a0\u00bboff|desktop\u00a0\u00bb button_border_radius__hover=\u00a0\u00bb0px\u00a0\u00bb button_one_border_radius__hover_enabled=\u00a0\u00bboff\u00a0\u00bb button_two_border_radius__hover_enabled=\u00a0\u00bboff\u00a0\u00bb button_letter_spacing__hover_enabled=\u00a0\u00bboff\u00a0\u00bb button_one_letter_spacing__hover_enabled=\u00a0\u00bboff\u00a0\u00bb button_two_letter_spacing__hover_enabled=\u00a0\u00bboff\u00a0\u00bb button_bg_color__hover_enabled=\u00a0\u00bboff\u00a0\u00bb button_one_bg_color__hover_enabled=\u00a0\u00bboff\u00a0\u00bb button_two_bg_color__hover_enabled=\u00a0\u00bboff\u00a0\u00bb]<\/p>\n<ul>\n<li>Gestion du stress, Gestion des \u00e9motions<\/li>\n<li>D\u00e9pression<\/li>\n<li>Gestions des complexes<\/li>\n<li>Troubles du sommeil<\/li>\n<li>Prise de recul, Gestion des conflits<\/li>\n<li>Estime de soi<\/li>\n<li>D\u00e9velopper le bien-\u00eatre, d\u00e9tente<\/li>\n<li>Pr\u00e9paration \u00e0 un examen, une \u00e9valuation, une comp\u00e9tition sportive, un \u00e9v\u00e9nement<\/li>\n<li>Sportifs\n<ul>\n<li>Pr\u00e9paration \u00e0 une comp\u00e9tition<\/li>\n<li>D\u00e9motivation<\/li>\n<li>Gu\u00e9rison<\/li>\n<li>Coh\u00e9sion d\u2019\u00e9quipe<\/li>\n<li>R\u00e9cup\u00e9ration physique<\/li>\n<\/ul>\n<\/li>\n<li>Accompagnement \u00e0 la grossesse<\/li>\n<li>Aide \u00e0 la concentration, Accroitre la confiance en soi, Stimulation de la m\u00e9moire, Troubles de l\u2019\u00e9quilibre<\/li>\n<li>Gestion des phobies, Canaliser les pulsions, les conduites addictives<\/li>\n<li>Gestion de la douleur, Acceptation de la maladie<\/li>\n<li>Adolescents\n<ul>\n<li>Performance scolaire<\/li>\n<li>R\u00e9bellion<\/li>\n<li>Exclusion<\/li>\n<li>Morosit\u00e9<\/li>\n<li>Acceptation du corps<\/li>\n<\/ul>\n<\/li>\n<li>Acouph\u00e8nes<\/li>\n<li>Apprentissage scolaire,<\/li>\n<li>Enfants (A partir de 4 ans)\n<ul>\n<li>Surexcitation<\/li>\n<li>Caprices<\/li>\n<\/ul>\n<\/li>\n<li>Entreprise\n<ul>\n<li>Performance<\/li>\n<li>Travail en \u00e9quipe<\/li>\n<li>Coh\u00e9sion d\u2019\u00e9quipe<\/li>\n<\/ul>\n<\/li>\n<li>Accompagnement d\u2019un traitement m\u00e9dical<\/li>\n<li>Autres<\/li>\n<\/ul>\n<p>[\/et_pb_cta][\/et_pb_column][\/et_pb_row][et_pb_row column_structure=\u00a0\u00bb1_3,1_3,1_3&Prime; _builder_version=\u00a0\u00bb4.14.2&Prime; _module_preset=\u00a0\u00bbdefault\u00a0\u00bb module_alignment=\u00a0\u00bbcenter\u00a0\u00bb min_height=\u00a0\u00bb96px\u00a0\u00bb custom_margin=\u00a0\u00bb-2px|auto||auto||\u00a0\u00bb custom_padding=\u00a0\u00bb31px||44px|||\u00a0\u00bb global_colors_info=\u00a0\u00bb{}\u00a0\u00bb][et_pb_column type=\u00a0\u00bb1_3&Prime; _builder_version=\u00a0\u00bb4.14.2&Prime; _module_preset=\u00a0\u00bbdefault\u00a0\u00bb global_colors_info=\u00a0\u00bb{}\u00a0\u00bb][et_pb_button button_url=\u00a0\u00bbhttps:\/\/www.absophrologie.fr\/index.php\/la-sophrologie\/definition\/\u00a0\u00bb button_text=\u00a0\u00bbRetour\u00a0\u00bb button_alignment=\u00a0\u00bbcenter\u00a0\u00bb _builder_version=\u00a0\u00bb4.14.4&Prime; _module_preset=\u00a0\u00bbdefault\u00a0\u00bb custom_button=\u00a0\u00bbon\u00a0\u00bb button_text_size=\u00a0\u00bb20px\u00a0\u00bb button_text_color=\u00a0\u00bb#5F2853&Prime; button_bg_color=\u00a0\u00bb#FFFFFF\u00a0\u00bb button_border_width=\u00a0\u00bb1px\u00a0\u00bb button_border_color=\u00a0\u00bb#5F2853&Prime; button_border_radius=\u00a0\u00bb3px\u00a0\u00bb button_font=\u00a0\u00bbCormorant Upright|500|||||||\u00a0\u00bb button_use_icon=\u00a0\u00bboff\u00a0\u00bb custom_padding=\u00a0\u00bb0px||0px||false|false\u00a0\u00bb global_colors_info=\u00a0\u00bb{}\u00a0\u00bb][\/et_pb_button][\/et_pb_column][et_pb_column type=\u00a0\u00bb1_3&Prime; _builder_version=\u00a0\u00bb4.14.2&Prime; _module_preset=\u00a0\u00bbdefault\u00a0\u00bb global_colors_info=\u00a0\u00bb{}\u00a0\u00bb][\/et_pb_column][et_pb_column type=\u00a0\u00bb1_3&Prime; _builder_version=\u00a0\u00bb4.14.2&Prime; _module_preset=\u00a0\u00bbdefault\u00a0\u00bb global_colors_info=\u00a0\u00bb{}\u00a0\u00bb][et_pb_button button_url=\u00a0\u00bbhttps:\/\/www.absophrologie.fr\/index.php\/la-sophrologie\/seances\/\u00a0\u00bb button_text=\u00a0\u00bbSuivant\u00a0\u00bb button_alignment=\u00a0\u00bbcenter\u00a0\u00bb _builder_version=\u00a0\u00bb4.14.4&Prime; _module_preset=\u00a0\u00bbdefault\u00a0\u00bb custom_button=\u00a0\u00bbon\u00a0\u00bb button_text_size=\u00a0\u00bb20px\u00a0\u00bb button_text_color=\u00a0\u00bb#5F2853&Prime; button_bg_color=\u00a0\u00bb#FFFFFF\u00a0\u00bb button_border_width=\u00a0\u00bb1px\u00a0\u00bb button_border_color=\u00a0\u00bb#5F2853&Prime; button_border_radius=\u00a0\u00bb3px\u00a0\u00bb button_font=\u00a0\u00bbCormorant Upright|500|||||||\u00a0\u00bb button_use_icon=\u00a0\u00bboff\u00a0\u00bb custom_padding=\u00a0\u00bb0px||0px||false|false\u00a0\u00bb global_colors_info=\u00a0\u00bb{}\u00a0\u00bb][\/et_pb_button][\/et_pb_column][\/et_pb_row][\/et_pb_section][et_pb_section fb_built=\u00a0\u00bb1&Prime; _builder_version=\u00a0\u00bb4.14.2&Prime; _module_preset=\u00a0\u00bbdefault\u00a0\u00bb min_height=\u00a0\u00bb243.2px\u00a0\u00bb custom_padding=\u00a0\u00bb4px||0px|||\u00a0\u00bb global_colors_info=\u00a0\u00bb{}\u00a0\u00bb][et_pb_row _builder_version=\u00a0\u00bb4.14.2&Prime; _module_preset=\u00a0\u00bbdefault\u00a0\u00bb width=\u00a0\u00bb100%\u00a0\u00bb min_height=\u00a0\u00bb39px\u00a0\u00bb custom_margin=\u00a0\u00bb-3px|auto||auto||\u00a0\u00bb custom_padding=\u00a0\u00bb2px||0px|||\u00a0\u00bb global_colors_info=\u00a0\u00bb{}\u00a0\u00bb][et_pb_column type=\u00a0\u00bb4_4&Prime; _builder_version=\u00a0\u00bb4.14.2&Prime; _module_preset=\u00a0\u00bbdefault\u00a0\u00bb global_colors_info=\u00a0\u00bb{}\u00a0\u00bb][et_pb_cta title=\u00a0\u00bbVotre avis est important\u00a0\u00bb _builder_version=\u00a0\u00bb4.14.3&Prime; header_font=\u00a0\u00bbCormorant Upright|700|||||||\u00a0\u00bb header_text_align=\u00a0\u00bbcenter\u00a0\u00bb header_text_color=\u00a0\u00bb#5F2853&Prime; header_font_size=\u00a0\u00bb26px\u00a0\u00bb body_font=\u00a0\u00bbCormorant Upright|500|||||||\u00a0\u00bb body_text_align=\u00a0\u00bbcenter\u00a0\u00bb body_text_color=\u00a0\u00bb#5F2853&Prime; body_font_size=\u00a0\u00bb20px\u00a0\u00bb body_line_height=\u00a0\u00bb1em\u00a0\u00bb use_background_color=\u00a0\u00bboff\u00a0\u00bb custom_button=\u00a0\u00bbon\u00a0\u00bb button_text_size=\u00a0\u00bb20px\u00a0\u00bb button_text_color=\u00a0\u00bb#5F2853&Prime; button_bg_color=\u00a0\u00bbRGBA(255,255,255,0)\u00a0\u00bb button_border_width=\u00a0\u00bb1px\u00a0\u00bb button_border_color=\u00a0\u00bb#5F2853&Prime; button_border_radius=\u00a0\u00bb0px\u00a0\u00bb button_font=\u00a0\u00bbCormorant Upright|500|||||||\u00a0\u00bb button_use_icon=\u00a0\u00bboff\u00a0\u00bb button_alignment=\u00a0\u00bbcenter\u00a0\u00bb button_custom_padding=\u00a0\u00bb0px||0px||false|false\u00a0\u00bb background_layout=\u00a0\u00bblight\u00a0\u00bb width=\u00a0\u00bb100%\u00a0\u00bb max_width=\u00a0\u00bb100%\u00a0\u00bb custom_margin=\u00a0\u00bb23px|23px|0px||false|false\u00a0\u00bb custom_margin_tablet=\u00a0\u00bb|||67px|false|false\u00a0\u00bb custom_margin_phone=\u00a0\u00bb|||27px|false|false\u00a0\u00bb custom_margin_last_edited=\u00a0\u00bbon|desktop\u00a0\u00bb custom_padding=\u00a0\u00bb|0px|0px||false|false\u00a0\u00bb button_border_radius_hover=\u00a0\u00bb0px\u00a0\u00bb global_colors_info=\u00a0\u00bb{}\u00a0\u00bb button_text_size__hover_enabled=\u00a0\u00bboff\u00a0\u00bb button_one_text_size__hover_enabled=\u00a0\u00bboff\u00a0\u00bb button_two_text_size__hover_enabled=\u00a0\u00bboff\u00a0\u00bb button_text_color__hover_enabled=\u00a0\u00bboff\u00a0\u00bb button_one_text_color__hover_enabled=\u00a0\u00bboff\u00a0\u00bb button_two_text_color__hover_enabled=\u00a0\u00bboff\u00a0\u00bb button_border_width__hover_enabled=\u00a0\u00bboff\u00a0\u00bb button_one_border_width__hover_enabled=\u00a0\u00bboff\u00a0\u00bb button_two_border_width__hover_enabled=\u00a0\u00bboff\u00a0\u00bb button_border_color__hover_enabled=\u00a0\u00bboff\u00a0\u00bb button_one_border_color__hover_enabled=\u00a0\u00bboff\u00a0\u00bb button_two_border_color__hover_enabled=\u00a0\u00bboff\u00a0\u00bb button_border_radius__hover_enabled=\u00a0\u00bboff|desktop\u00a0\u00bb button_border_radius__hover=\u00a0\u00bb0px\u00a0\u00bb button_one_border_radius__hover_enabled=\u00a0\u00bboff\u00a0\u00bb button_two_border_radius__hover_enabled=\u00a0\u00bboff\u00a0\u00bb button_letter_spacing__hover_enabled=\u00a0\u00bboff\u00a0\u00bb button_one_letter_spacing__hover_enabled=\u00a0\u00bboff\u00a0\u00bb button_two_letter_spacing__hover_enabled=\u00a0\u00bboff\u00a0\u00bb button_bg_color__hover_enabled=\u00a0\u00bboff\u00a0\u00bb button_one_bg_color__hover_enabled=\u00a0\u00bboff\u00a0\u00bb button_two_bg_color__hover_enabled=\u00a0\u00bboff\u00a0\u00bb][\/et_pb_cta][\/et_pb_column][\/et_pb_row][et_pb_row column_structure=\u00a0\u00bb1_2,1_2&Prime; admin_label=\u00a0\u00bbCase Study Row\u00a0\u00bb _builder_version=\u00a0\u00bb4.14.2&Prime; width=\u00a0\u00bb80.2%\u00a0\u00bb module_alignment=\u00a0\u00bbcenter\u00a0\u00bb min_height=\u00a0\u00bb279.8px\u00a0\u00bb custom_margin=\u00a0\u00bb-22px|465px|1px|auto|false|false\u00a0\u00bb custom_padding=\u00a0\u00bb2px||32px|||\u00a0\u00bb global_colors_info=\u00a0\u00bb{}\u00a0\u00bb][et_pb_column type=\u00a0\u00bb1_2&Prime; _builder_version=\u00a0\u00bb4.14.2&Prime; custom_padding=\u00a0\u00bb|||\u00a0\u00bb global_colors_info=\u00a0\u00bb{}\u00a0\u00bb custom_padding__hover=\u00a0\u00bb|||\u00a0\u00bb][et_pb_image src=\u00a0\u00bbhttps:\/\/www.absophrologie.fr\/wp-content\/uploads\/lien_generateur_davis-1080&#215;600-740&#215;370-1.jpg\u00a0\u00bb title_text=\u00a0\u00bbabsophrologie-Google\u00a0\u00bb url=\u00a0\u00bbhttp:\/\/urlr.me\/v2tf5&Prime; url_new_window=\u00a0\u00bbon\u00a0\u00bb show_bottom_space=\u00a0\u00bboff\u00a0\u00bb align=\u00a0\u00bbcenter\u00a0\u00bb _builder_version=\u00a0\u00bb4.14.4&Prime; _module_preset=\u00a0\u00bbdefault\u00a0\u00bb background_color=\u00a0\u00bb#FFFFFF\u00a0\u00bb width=\u00a0\u00bb42%\u00a0\u00bb width_tablet=\u00a0\u00bb23%\u00a0\u00bb width_phone=\u00a0\u00bb23%\u00a0\u00bb width_last_edited=\u00a0\u00bbon|desktop\u00a0\u00bb module_alignment=\u00a0\u00bbcenter\u00a0\u00bb hover_enabled=\u00a0\u00bb0&Prime; global_colors_info=\u00a0\u00bb{}\u00a0\u00bb alt=\u00a0\u00bbabsophrologie-hautsdefrance-sophrologue-Google\u00a0\u00bb sticky_enabled=\u00a0\u00bb0&Prime;][\/et_pb_image][\/et_pb_column][et_pb_column type=\u00a0\u00bb1_2&Prime; _builder_version=\u00a0\u00bb4.14.2&Prime; custom_padding=\u00a0\u00bb|||\u00a0\u00bb global_colors_info=\u00a0\u00bb{}\u00a0\u00bb custom_padding__hover=\u00a0\u00bb|||\u00a0\u00bb][et_pb_image src=\u00a0\u00bbhttps:\/\/www.absophrologie.fr\/wp-content\/uploads\/telechargement-4.png\u00a0\u00bb title_text=\u00a0\u00bbabsophrologie-Facebook\u00a0\u00bb url=\u00a0\u00bbhttps:\/\/www.facebook.com\/ABSophrologie62&Prime; url_new_window=\u00a0\u00bbon\u00a0\u00bb align=\u00a0\u00bbcenter\u00a0\u00bb _builder_version=\u00a0\u00bb4.14.4&Prime; _module_preset=\u00a0\u00bbdefault\u00a0\u00bb width=\u00a0\u00bb20%\u00a0\u00bb width_tablet=\u00a0\u00bb11%\u00a0\u00bb width_phone=\u00a0\u00bb11%\u00a0\u00bb width_last_edited=\u00a0\u00bbon|phone\u00a0\u00bb module_alignment=\u00a0\u00bbcenter\u00a0\u00bb max_height=\u00a0\u00bb1000px\u00a0\u00bb hover_enabled=\u00a0\u00bb0&Prime; global_colors_info=\u00a0\u00bb{}\u00a0\u00bb alt=\u00a0\u00bbabsophrologie-hautsdefrance-sophrologue-Facebook\u00a0\u00bb sticky_enabled=\u00a0\u00bb0&Prime;][\/et_pb_image][\/et_pb_column][\/et_pb_row][\/et_pb_section]<\/p>\n","protected":false},"excerpt":{"rendered":"<p>Gestion du stress, Gestion des \u00e9motions D\u00e9pression Gestions des complexes Troubles du sommeil Prise de recul, Gestion des conflits Estime de soi D\u00e9velopper le bien-\u00eatre, d\u00e9tente Pr\u00e9paration \u00e0 un examen, une \u00e9valuation, une comp\u00e9tition sportive, un \u00e9v\u00e9nement Sportifs Pr\u00e9paration \u00e0 une comp\u00e9tition D\u00e9motivation Gu\u00e9rison Coh\u00e9sion d\u2019\u00e9quipe R\u00e9cup\u00e9ration physique Accompagnement \u00e0 la grossesse Aide \u00e0 la [&hellip;]<\/p>\n","protected":false},"author":1,"featured_media":0,"parent":0,"menu_order":1,"comment_status":"closed","ping_status":"closed","template":"","meta":{"_et_pb_use_builder":"on","_et_pb_old_content":"","_et_gb_content_width":"","_monsterinsights_skip_tracking":false,"_monsterinsights_sitenote_active":false,"_monsterinsights_sitenote_note":"","_monsterinsights_sitenote_category":0},"yoast_head":"<!-- This site is optimized with the Yoast SEO plugin v19.10 - https:\/\/yoast.com\/wordpress\/plugins\/seo\/ -->\n<title>Prestations - emisophro<\/title>\n<meta name=\"robots\" content=\"index, follow, max-snippet:-1, max-image-preview:large, max-video-preview:-1\" \/>\n<link rel=\"canonical\" href=\"https:\/\/www.absophrologie.fr\/index.php\/prestations\/\" \/>\n<meta property=\"og:locale\" content=\"fr_FR\" \/>\n<meta property=\"og:type\" content=\"article\" \/>\n<meta property=\"og:title\" content=\"Prestations - emisophro\" \/>\n<meta property=\"og:description\" content=\"Gestion du stress, Gestion des \u00e9motions D\u00e9pression Gestions des complexes Troubles du sommeil Prise de recul, Gestion des conflits Estime de soi D\u00e9velopper le bien-\u00eatre, d\u00e9tente Pr\u00e9paration \u00e0 un examen, une \u00e9valuation, une comp\u00e9tition sportive, un \u00e9v\u00e9nement Sportifs Pr\u00e9paration \u00e0 une comp\u00e9tition D\u00e9motivation Gu\u00e9rison Coh\u00e9sion d\u2019\u00e9quipe R\u00e9cup\u00e9ration physique Accompagnement \u00e0 la grossesse Aide \u00e0 la [&hellip;]\" \/>\n<meta property=\"og:url\" content=\"https:\/\/www.absophrologie.fr\/index.php\/prestations\/\" \/>\n<meta property=\"og:site_name\" content=\"emisophro\" \/>\n<meta property=\"article:modified_time\" content=\"2022-01-06T14:24:58+00:00\" \/>\n<meta name=\"twitter:card\" content=\"summary_large_image\" \/>\n<meta name=\"twitter:label1\" content=\"Dur\u00e9e de lecture estim\u00e9e\" \/>\n\t<meta name=\"twitter:data1\" content=\"7 minutes\" \/>\n<script type=\"application\/ld+json\" class=\"yoast-schema-graph\">{\"@context\":\"https:\/\/schema.org\",\"@graph\":[{\"@type\":\"WebPage\",\"@id\":\"https:\/\/www.absophrologie.fr\/index.php\/prestations\/\",\"url\":\"https:\/\/www.absophrologie.fr\/index.php\/prestations\/\",\"name\":\"Prestations - emisophro\",\"isPartOf\":{\"@id\":\"https:\/\/www.absophrologie.fr\/#website\"},\"datePublished\":\"2021-12-02T10:41:10+00:00\",\"dateModified\":\"2022-01-06T14:24:58+00:00\",\"breadcrumb\":{\"@id\":\"https:\/\/www.absophrologie.fr\/index.php\/prestations\/#breadcrumb\"},\"inLanguage\":\"fr-FR\",\"potentialAction\":[{\"@type\":\"ReadAction\",\"target\":[\"https:\/\/www.absophrologie.fr\/index.php\/prestations\/\"]}]},{\"@type\":\"BreadcrumbList\",\"@id\":\"https:\/\/www.absophrologie.fr\/index.php\/prestations\/#breadcrumb\",\"itemListElement\":[{\"@type\":\"ListItem\",\"position\":1,\"name\":\"Home\",\"item\":\"https:\/\/www.absophrologie.fr\/\"},{\"@type\":\"ListItem\",\"position\":2,\"name\":\"Prestations\"}]},{\"@type\":\"WebSite\",\"@id\":\"https:\/\/www.absophrologie.fr\/#website\",\"url\":\"https:\/\/www.absophrologie.fr\/\",\"name\":\"emisophro\",\"description\":\"\",\"potentialAction\":[{\"@type\":\"SearchAction\",\"target\":{\"@type\":\"EntryPoint\",\"urlTemplate\":\"https:\/\/www.absophrologie.fr\/?s={search_term_string}\"},\"query-input\":\"required name=search_term_string\"}],\"inLanguage\":\"fr-FR\"}]}<\/script>\n<!-- \/ Yoast SEO plugin. -->","yoast_head_json":{"title":"Prestations - emisophro","robots":{"index":"index","follow":"follow","max-snippet":"max-snippet:-1","max-image-preview":"max-image-preview:large","max-video-preview":"max-video-preview:-1"},"canonical":"https:\/\/www.absophrologie.fr\/index.php\/prestations\/","og_locale":"fr_FR","og_type":"article","og_title":"Prestations - emisophro","og_description":"Gestion du stress, Gestion des \u00e9motions D\u00e9pression Gestions des complexes Troubles du sommeil Prise de recul, Gestion des conflits Estime de soi D\u00e9velopper le bien-\u00eatre, d\u00e9tente Pr\u00e9paration \u00e0 un examen, une \u00e9valuation, une comp\u00e9tition sportive, un \u00e9v\u00e9nement Sportifs Pr\u00e9paration \u00e0 une comp\u00e9tition D\u00e9motivation Gu\u00e9rison Coh\u00e9sion d\u2019\u00e9quipe R\u00e9cup\u00e9ration physique Accompagnement \u00e0 la grossesse Aide \u00e0 la [&hellip;]","og_url":"https:\/\/www.absophrologie.fr\/index.php\/prestations\/","og_site_name":"emisophro","article_modified_time":"2022-01-06T14:24:58+00:00","twitter_card":"summary_large_image","twitter_misc":{"Dur\u00e9e de lecture estim\u00e9e":"7 minutes"},"schema":{"@context":"https:\/\/schema.org","@graph":[{"@type":"WebPage","@id":"https:\/\/www.absophrologie.fr\/index.php\/prestations\/","url":"https:\/\/www.absophrologie.fr\/index.php\/prestations\/","name":"Prestations - emisophro","isPartOf":{"@id":"https:\/\/www.absophrologie.fr\/#website"},"datePublished":"2021-12-02T10:41:10+00:00","dateModified":"2022-01-06T14:24:58+00:00","breadcrumb":{"@id":"https:\/\/www.absophrologie.fr\/index.php\/prestations\/#breadcrumb"},"inLanguage":"fr-FR","potentialAction":[{"@type":"ReadAction","target":["https:\/\/www.absophrologie.fr\/index.php\/prestations\/"]}]},{"@type":"BreadcrumbList","@id":"https:\/\/www.absophrologie.fr\/index.php\/prestations\/#breadcrumb","itemListElement":[{"@type":"ListItem","position":1,"name":"Home","item":"https:\/\/www.absophrologie.fr\/"},{"@type":"ListItem","position":2,"name":"Prestations"}]},{"@type":"WebSite","@id":"https:\/\/www.absophrologie.fr\/#website","url":"https:\/\/www.absophrologie.fr\/","name":"emisophro","description":"","potentialAction":[{"@type":"SearchAction","target":{"@type":"EntryPoint","urlTemplate":"https:\/\/www.absophrologie.fr\/?s={search_term_string}"},"query-input":"required name=search_term_string"}],"inLanguage":"fr-FR"}]}},"_links":{"self":[{"href":"https:\/\/www.absophrologie.fr\/index.php\/wp-json\/wp\/v2\/pages\/14"}],"collection":[{"href":"https:\/\/www.absophrologie.fr\/index.php\/wp-json\/wp\/v2\/pages"}],"about":[{"href":"https:\/\/www.absophrologie.fr\/index.php\/wp-json\/wp\/v2\/types\/page"}],"author":[{"embeddable":true,"href":"https:\/\/www.absophrologie.fr\/index.php\/wp-json\/wp\/v2\/users\/1"}],"replies":[{"embeddable":true,"href":"https:\/\/www.absophrologie.fr\/index.php\/wp-json\/wp\/v2\/comments?post=14"}],"version-history":[{"count":24,"href":"https:\/\/www.absophrologie.fr\/index.php\/wp-json\/wp\/v2\/pages\/14\/revisions"}],"predecessor-version":[{"id":1023,"href":"https:\/\/www.absophrologie.fr\/index.php\/wp-json\/wp\/v2\/pages\/14\/revisions\/1023"}],"wp:attachment":[{"href":"https:\/\/www.absophrologie.fr\/index.php\/wp-json\/wp\/v2\/media?parent=14"}],"curies":[{"name":"wp","href":"https:\/\/api.w.org\/{rel}","templated":true}]}}